{"id":713,"date":"2021-11-15T15:50:53","date_gmt":"2021-11-15T14:50:53","guid":{"rendered":"https:\/\/www.socofret.com\/?page_id=713"},"modified":"2021-11-15T15:50:53","modified_gmt":"2021-11-15T14:50:53","slug":"legal-notice","status":"publish","type":"page","link":"https:\/\/www.socofret.com\/en\/legal-notice\/","title":{"rendered":"Legal Notice"},"content":{"rendered":"\r\n<h2 class=\"wp-block-heading\">EDITEUR<\/h2>\r\n\r\n\r\n\r\n\r\nCe site web est \u00e9dit\u00e9 par : Socofret\r\n\r\n\r\n\r\n\r\n<pre class=\"wp-block-preformatted\">Si\u00e8ge : 4 Rue Ettlingen, 51150 PLIVOT<\/pre>\r\n\r\n\r\n\r\n\r\nT\u00e9l. : 03 26 51 03 03\r\n\r\n\r\n\r\n\r\n<h2 class=\"wp-block-heading\">CREDITS<\/h2>\r\n\r\n\r\n\r\n\r\nDesign et r\u00e9alisation : Socofret\r\n\r\n\r\n\r\n\r\n\r\nWebmaster : Socofret\r\n\r\n\r\n\r\n\r\n\r\nCr\u00e9dit photo &amp; r\u00e9daction des actualit\u00e9s :\u00a0\u00a9 Carine Charlier\u00a0 \/\u00a0<a class=\"\" href=\"http:\/\/www.clic-et-plume.com\/\">Clic &amp; Plume<\/a>\r\n\r\n\r\n\r\n\r\n<h2 class=\"wp-block-heading\">DROITS DE REPRODUCTION<\/h2>\r\n\r\n\r\n\r\n\r\nLes informations pr\u00e9sent\u00e9es sur ce site sont publiques. La reproduction des informations de ce site, \u00e0 l&#8217;exception de l&#8217;iconographie, est autoris\u00e9e \u00e0 la condition d&#8217;en mentionner la source et de cr\u00e9er un lien sur la ou les pages de r\u00e9f\u00e9rence. Les informations de ce site ne peuvent en aucun cas \u00eatre utilis\u00e9es \u00e0 des fins commerciales ou publicitaires.\r\n\r\n\r\n\r\n\r\n<h2 class=\"wp-block-heading\">DONN\u00c9ES PERSONNELLES<\/h2>\r\n\r\n\r\n\r\n\r\nLorsque des donn\u00e9es pr\u00e9sentes sur ce site ont un caract\u00e8re nominatif, les utilisateurs doivent en faire un usage conforme aux r\u00e9glementations en vigueur et aux recommandations de la Commission nationale de l&#8217;informatique et des libert\u00e9s (CNIL). Les informations utilis\u00e9es ne doivent l&#8217;\u00eatre qu&#8217;\u00e0 des fins personnelles, associatives ou professionnelles, toute diffusion ou utilisation \u00e0 des fins commerciales ou publicitaires \u00e9tant exclues.\r\n\r\n","protected":false},"excerpt":{"rendered":"<p>EDITEUR Ce site web est \u00e9dit\u00e9 par : Socofret Si\u00e8ge : 4 Rue Ettlingen, 51150 PLIVOT T\u00e9l. : 03 26 [&hellip;]<\/p>\n","protected":false},"author":1,"featured_media":0,"parent":0,"menu_order":22,"comment_status":"closed","ping_status":"closed","template":"template-mentions.php","meta":{"_acf_changed":false,"footnotes":""},"acf":[],"yoast_head":"<!-- This site is optimized with the Yoast SEO plugin v24.5 - https:\/\/yoast.com\/wordpress\/plugins\/seo\/ -->\n<title>Legal Notice - Socofret<\/title>\n<meta name=\"robots\" content=\"index, follow, max-snippet:-1, max-image-preview:large, max-video-preview:-1\" \/>\n<link rel=\"canonical\" href=\"https:\/\/www.socofret.com\/en\/legal-notice\/\" \/>\n<meta property=\"og:locale\" content=\"en_US\" \/>\n<meta property=\"og:type\" content=\"article\" \/>\n<meta property=\"og:title\" content=\"Legal Notice - Socofret\" \/>\n<meta property=\"og:description\" content=\"EDITEUR Ce site web est \u00e9dit\u00e9 par : Socofret Si\u00e8ge : 4 Rue Ettlingen, 51150 PLIVOT T\u00e9l. : 03 26 [&hellip;]\" \/>\n<meta property=\"og:url\" content=\"https:\/\/www.socofret.com\/en\/legal-notice\/\" \/>\n<meta property=\"og:site_name\" content=\"Socofret\" \/>\n<meta property=\"article:publisher\" content=\"https:\/\/www.facebook.com\/socofret\/\" \/>\n<meta name=\"twitter:card\" content=\"summary_large_image\" \/>\n<meta name=\"twitter:site\" content=\"@socofret\" \/>\n<meta name=\"twitter:label1\" content=\"Est. reading time\" \/>\n\t<meta name=\"twitter:data1\" content=\"1 minute\" \/>\n<script type=\"application\/ld+json\" class=\"yoast-schema-graph\">{\"@context\":\"https:\/\/schema.org\",\"@graph\":[{\"@type\":\"WebPage\",\"@id\":\"https:\/\/www.socofret.com\/en\/legal-notice\/\",\"url\":\"https:\/\/www.socofret.com\/en\/legal-notice\/\",\"name\":\"Legal Notice - Socofret\",\"isPartOf\":{\"@id\":\"https:\/\/www.socofret.com\/en\/#website\"},\"datePublished\":\"2021-11-15T14:50:53+00:00\",\"breadcrumb\":{\"@id\":\"https:\/\/www.socofret.com\/en\/legal-notice\/#breadcrumb\"},\"inLanguage\":\"en-US\",\"potentialAction\":[{\"@type\":\"ReadAction\",\"target\":[\"https:\/\/www.socofret.com\/en\/legal-notice\/\"]}]},{\"@type\":\"BreadcrumbList\",\"@id\":\"https:\/\/www.socofret.com\/en\/legal-notice\/#breadcrumb\",\"itemListElement\":[{\"@type\":\"ListItem\",\"position\":1,\"name\":\"Accueil\",\"item\":\"https:\/\/www.socofret.com\/en\/guaranteeing-quality\/\"},{\"@type\":\"ListItem\",\"position\":2,\"name\":\"Legal Notice\"}]},{\"@type\":\"WebSite\",\"@id\":\"https:\/\/www.socofret.com\/en\/#website\",\"url\":\"https:\/\/www.socofret.com\/en\/\",\"name\":\"Socofret\",\"description\":\"Bienvenue sur le site de Socofret. Premi\u00e8re soci\u00e9t\u00e9 de contr\u00f4le accr\u00e9dit\u00e9e en France.\",\"publisher\":{\"@id\":\"https:\/\/www.socofret.com\/en\/#organization\"},\"potentialAction\":[{\"@type\":\"SearchAction\",\"target\":{\"@type\":\"EntryPoint\",\"urlTemplate\":\"https:\/\/www.socofret.com\/en\/?s={search_term_string}\"},\"query-input\":{\"@type\":\"PropertyValueSpecification\",\"valueRequired\":true,\"valueName\":\"search_term_string\"}}],\"inLanguage\":\"en-US\"},{\"@type\":\"Organization\",\"@id\":\"https:\/\/www.socofret.com\/en\/#organization\",\"name\":\"SOCOFRET\",\"url\":\"https:\/\/www.socofret.com\/en\/\",\"logo\":{\"@type\":\"ImageObject\",\"inLanguage\":\"en-US\",\"@id\":\"https:\/\/www.socofret.com\/en\/#\/schema\/logo\/image\/\",\"url\":\"https:\/\/www.socofret.com\/wp-content\/uploads\/2021\/09\/socofret-logo.jpg\",\"contentUrl\":\"https:\/\/www.socofret.com\/wp-content\/uploads\/2021\/09\/socofret-logo.jpg\",\"width\":1200,\"height\":720,\"caption\":\"SOCOFRET\"},\"image\":{\"@id\":\"https:\/\/www.socofret.com\/en\/#\/schema\/logo\/image\/\"},\"sameAs\":[\"https:\/\/www.facebook.com\/socofret\/\",\"https:\/\/x.com\/socofret\",\"https:\/\/www.linkedin.com\/company\/socofret\"]}]}<\/script>\n<!-- \/ Yoast SEO plugin. -->","yoast_head_json":{"title":"Legal Notice - Socofret","robots":{"index":"index","follow":"follow","max-snippet":"max-snippet:-1","max-image-preview":"max-image-preview:large","max-video-preview":"max-video-preview:-1"},"canonical":"https:\/\/www.socofret.com\/en\/legal-notice\/","og_locale":"en_US","og_type":"article","og_title":"Legal Notice - Socofret","og_description":"EDITEUR Ce site web est \u00e9dit\u00e9 par : Socofret Si\u00e8ge : 4 Rue Ettlingen, 51150 PLIVOT T\u00e9l. : 03 26 [&hellip;]","og_url":"https:\/\/www.socofret.com\/en\/legal-notice\/","og_site_name":"Socofret","article_publisher":"https:\/\/www.facebook.com\/socofret\/","twitter_card":"summary_large_image","twitter_site":"@socofret","twitter_misc":{"Est. reading time":"1 minute"},"schema":{"@context":"https:\/\/schema.org","@graph":[{"@type":"WebPage","@id":"https:\/\/www.socofret.com\/en\/legal-notice\/","url":"https:\/\/www.socofret.com\/en\/legal-notice\/","name":"Legal Notice - Socofret","isPartOf":{"@id":"https:\/\/www.socofret.com\/en\/#website"},"datePublished":"2021-11-15T14:50:53+00:00","breadcrumb":{"@id":"https:\/\/www.socofret.com\/en\/legal-notice\/#breadcrumb"},"inLanguage":"en-US","potentialAction":[{"@type":"ReadAction","target":["https:\/\/www.socofret.com\/en\/legal-notice\/"]}]},{"@type":"BreadcrumbList","@id":"https:\/\/www.socofret.com\/en\/legal-notice\/#breadcrumb","itemListElement":[{"@type":"ListItem","position":1,"name":"Accueil","item":"https:\/\/www.socofret.com\/en\/guaranteeing-quality\/"},{"@type":"ListItem","position":2,"name":"Legal Notice"}]},{"@type":"WebSite","@id":"https:\/\/www.socofret.com\/en\/#website","url":"https:\/\/www.socofret.com\/en\/","name":"Socofret","description":"Bienvenue sur le site de Socofret. Premi\u00e8re soci\u00e9t\u00e9 de contr\u00f4le accr\u00e9dit\u00e9e en France.","publisher":{"@id":"https:\/\/www.socofret.com\/en\/#organization"},"potentialAction":[{"@type":"SearchAction","target":{"@type":"EntryPoint","urlTemplate":"https:\/\/www.socofret.com\/en\/?s={search_term_string}"},"query-input":{"@type":"PropertyValueSpecification","valueRequired":true,"valueName":"search_term_string"}}],"inLanguage":"en-US"},{"@type":"Organization","@id":"https:\/\/www.socofret.com\/en\/#organization","name":"SOCOFRET","url":"https:\/\/www.socofret.com\/en\/","logo":{"@type":"ImageObject","inLanguage":"en-US","@id":"https:\/\/www.socofret.com\/en\/#\/schema\/logo\/image\/","url":"https:\/\/www.socofret.com\/wp-content\/uploads\/2021\/09\/socofret-logo.jpg","contentUrl":"https:\/\/www.socofret.com\/wp-content\/uploads\/2021\/09\/socofret-logo.jpg","width":1200,"height":720,"caption":"SOCOFRET"},"image":{"@id":"https:\/\/www.socofret.com\/en\/#\/schema\/logo\/image\/"},"sameAs":["https:\/\/www.facebook.com\/socofret\/","https:\/\/x.com\/socofret","https:\/\/www.linkedin.com\/company\/socofret"]}]}},"post_mailing_queue_ids":[],"_links":{"self":[{"href":"https:\/\/www.socofret.com\/en\/wp-json\/wp\/v2\/pages\/713"}],"collection":[{"href":"https:\/\/www.socofret.com\/en\/wp-json\/wp\/v2\/pages"}],"about":[{"href":"https:\/\/www.socofret.com\/en\/wp-json\/wp\/v2\/types\/page"}],"author":[{"embeddable":true,"href":"https:\/\/www.socofret.com\/en\/wp-json\/wp\/v2\/users\/1"}],"replies":[{"embeddable":true,"href":"https:\/\/www.socofret.com\/en\/wp-json\/wp\/v2\/comments?post=713"}],"version-history":[{"count":1,"href":"https:\/\/www.socofret.com\/en\/wp-json\/wp\/v2\/pages\/713\/revisions"}],"predecessor-version":[{"id":718,"href":"https:\/\/www.socofret.com\/en\/wp-json\/wp\/v2\/pages\/713\/revisions\/718"}],"wp:attachment":[{"href":"https:\/\/www.socofret.com\/en\/wp-json\/wp\/v2\/media?parent=713"}],"curies":[{"name":"wp","href":"https:\/\/api.w.org\/{rel}","templated":true}]}}