{"id":694,"date":"2021-11-15T15:32:51","date_gmt":"2021-11-15T14:32:51","guid":{"rendered":"https:\/\/www.socofret.com\/?page_id=694"},"modified":"2021-11-15T15:40:23","modified_gmt":"2021-11-15T14:40:23","slug":"phytosanitary-certification","status":"publish","type":"page","link":"https:\/\/www.socofret.com\/en\/certification\/phytosanitary-certification\/","title":{"rendered":"Phytosanitary Certification"},"content":{"rendered":"","protected":false},"excerpt":{"rendered":"","protected":false},"author":1,"featured_media":0,"parent":711,"menu_order":13,"comment_status":"closed","ping_status":"closed","template":"template-certi-phyto.php","meta":{"_acf_changed":false,"footnotes":""},"acf":[],"yoast_head":"<!-- This site is optimized with the Yoast SEO plugin v24.5 - https:\/\/yoast.com\/wordpress\/plugins\/seo\/ -->\n<title>Phytosanitary Certification - Socofret<\/title>\n<meta name=\"robots\" content=\"index, follow, max-snippet:-1, max-image-preview:large, max-video-preview:-1\" \/>\n<link rel=\"canonical\" href=\"https:\/\/www.socofret.com\/en\/certification\/phytosanitary-certification\/\" \/>\n<meta property=\"og:locale\" content=\"en_US\" \/>\n<meta property=\"og:type\" content=\"article\" \/>\n<meta property=\"og:title\" content=\"Phytosanitary Certification - Socofret\" \/>\n<meta property=\"og:url\" content=\"https:\/\/www.socofret.com\/en\/certification\/phytosanitary-certification\/\" \/>\n<meta property=\"og:site_name\" content=\"Socofret\" \/>\n<meta property=\"article:publisher\" content=\"https:\/\/www.facebook.com\/socofret\/\" \/>\n<meta property=\"article:modified_time\" content=\"2021-11-15T14:40:23+00:00\" \/>\n<meta name=\"twitter:card\" content=\"summary_large_image\" \/>\n<meta name=\"twitter:site\" content=\"@socofret\" \/>\n<script type=\"application\/ld+json\" class=\"yoast-schema-graph\">{\"@context\":\"https:\/\/schema.org\",\"@graph\":[{\"@type\":\"WebPage\",\"@id\":\"https:\/\/www.socofret.com\/en\/certification\/phytosanitary-certification\/\",\"url\":\"https:\/\/www.socofret.com\/en\/certification\/phytosanitary-certification\/\",\"name\":\"Phytosanitary Certification - Socofret\",\"isPartOf\":{\"@id\":\"https:\/\/www.socofret.com\/en\/#website\"},\"datePublished\":\"2021-11-15T14:32:51+00:00\",\"dateModified\":\"2021-11-15T14:40:23+00:00\",\"breadcrumb\":{\"@id\":\"https:\/\/www.socofret.com\/en\/certification\/phytosanitary-certification\/#breadcrumb\"},\"inLanguage\":\"en-US\",\"potentialAction\":[{\"@type\":\"ReadAction\",\"target\":[\"https:\/\/www.socofret.com\/en\/certification\/phytosanitary-certification\/\"]}]},{\"@type\":\"BreadcrumbList\",\"@id\":\"https:\/\/www.socofret.com\/en\/certification\/phytosanitary-certification\/#breadcrumb\",\"itemListElement\":[{\"@type\":\"ListItem\",\"position\":1,\"name\":\"Accueil\",\"item\":\"https:\/\/www.socofret.com\/en\/guaranteeing-quality\/\"},{\"@type\":\"ListItem\",\"position\":2,\"name\":\"Certification\",\"item\":\"https:\/\/www.socofret.com\/en\/certification\/\"},{\"@type\":\"ListItem\",\"position\":3,\"name\":\"Phytosanitary Certification\"}]},{\"@type\":\"WebSite\",\"@id\":\"https:\/\/www.socofret.com\/en\/#website\",\"url\":\"https:\/\/www.socofret.com\/en\/\",\"name\":\"Socofret\",\"description\":\"Bienvenue sur le site de Socofret. Premi\u00e8re soci\u00e9t\u00e9 de contr\u00f4le accr\u00e9dit\u00e9e en France.\",\"publisher\":{\"@id\":\"https:\/\/www.socofret.com\/en\/#organization\"},\"potentialAction\":[{\"@type\":\"SearchAction\",\"target\":{\"@type\":\"EntryPoint\",\"urlTemplate\":\"https:\/\/www.socofret.com\/en\/?s={search_term_string}\"},\"query-input\":{\"@type\":\"PropertyValueSpecification\",\"valueRequired\":true,\"valueName\":\"search_term_string\"}}],\"inLanguage\":\"en-US\"},{\"@type\":\"Organization\",\"@id\":\"https:\/\/www.socofret.com\/en\/#organization\",\"name\":\"SOCOFRET\",\"url\":\"https:\/\/www.socofret.com\/en\/\",\"logo\":{\"@type\":\"ImageObject\",\"inLanguage\":\"en-US\",\"@id\":\"https:\/\/www.socofret.com\/en\/#\/schema\/logo\/image\/\",\"url\":\"https:\/\/www.socofret.com\/wp-content\/uploads\/2021\/09\/socofret-logo.jpg\",\"contentUrl\":\"https:\/\/www.socofret.com\/wp-content\/uploads\/2021\/09\/socofret-logo.jpg\",\"width\":1200,\"height\":720,\"caption\":\"SOCOFRET\"},\"image\":{\"@id\":\"https:\/\/www.socofret.com\/en\/#\/schema\/logo\/image\/\"},\"sameAs\":[\"https:\/\/www.facebook.com\/socofret\/\",\"https:\/\/x.com\/socofret\",\"https:\/\/www.linkedin.com\/company\/socofret\"]}]}<\/script>\n<!-- \/ Yoast SEO plugin. -->","yoast_head_json":{"title":"Phytosanitary Certification - Socofret","robots":{"index":"index","follow":"follow","max-snippet":"max-snippet:-1","max-image-preview":"max-image-preview:large","max-video-preview":"max-video-preview:-1"},"canonical":"https:\/\/www.socofret.com\/en\/certification\/phytosanitary-certification\/","og_locale":"en_US","og_type":"article","og_title":"Phytosanitary Certification - Socofret","og_url":"https:\/\/www.socofret.com\/en\/certification\/phytosanitary-certification\/","og_site_name":"Socofret","article_publisher":"https:\/\/www.facebook.com\/socofret\/","article_modified_time":"2021-11-15T14:40:23+00:00","twitter_card":"summary_large_image","twitter_site":"@socofret","schema":{"@context":"https:\/\/schema.org","@graph":[{"@type":"WebPage","@id":"https:\/\/www.socofret.com\/en\/certification\/phytosanitary-certification\/","url":"https:\/\/www.socofret.com\/en\/certification\/phytosanitary-certification\/","name":"Phytosanitary Certification - Socofret","isPartOf":{"@id":"https:\/\/www.socofret.com\/en\/#website"},"datePublished":"2021-11-15T14:32:51+00:00","dateModified":"2021-11-15T14:40:23+00:00","breadcrumb":{"@id":"https:\/\/www.socofret.com\/en\/certification\/phytosanitary-certification\/#breadcrumb"},"inLanguage":"en-US","potentialAction":[{"@type":"ReadAction","target":["https:\/\/www.socofret.com\/en\/certification\/phytosanitary-certification\/"]}]},{"@type":"BreadcrumbList","@id":"https:\/\/www.socofret.com\/en\/certification\/phytosanitary-certification\/#breadcrumb","itemListElement":[{"@type":"ListItem","position":1,"name":"Accueil","item":"https:\/\/www.socofret.com\/en\/guaranteeing-quality\/"},{"@type":"ListItem","position":2,"name":"Certification","item":"https:\/\/www.socofret.com\/en\/certification\/"},{"@type":"ListItem","position":3,"name":"Phytosanitary Certification"}]},{"@type":"WebSite","@id":"https:\/\/www.socofret.com\/en\/#website","url":"https:\/\/www.socofret.com\/en\/","name":"Socofret","description":"Bienvenue sur le site de Socofret. Premi\u00e8re soci\u00e9t\u00e9 de contr\u00f4le accr\u00e9dit\u00e9e en France.","publisher":{"@id":"https:\/\/www.socofret.com\/en\/#organization"},"potentialAction":[{"@type":"SearchAction","target":{"@type":"EntryPoint","urlTemplate":"https:\/\/www.socofret.com\/en\/?s={search_term_string}"},"query-input":{"@type":"PropertyValueSpecification","valueRequired":true,"valueName":"search_term_string"}}],"inLanguage":"en-US"},{"@type":"Organization","@id":"https:\/\/www.socofret.com\/en\/#organization","name":"SOCOFRET","url":"https:\/\/www.socofret.com\/en\/","logo":{"@type":"ImageObject","inLanguage":"en-US","@id":"https:\/\/www.socofret.com\/en\/#\/schema\/logo\/image\/","url":"https:\/\/www.socofret.com\/wp-content\/uploads\/2021\/09\/socofret-logo.jpg","contentUrl":"https:\/\/www.socofret.com\/wp-content\/uploads\/2021\/09\/socofret-logo.jpg","width":1200,"height":720,"caption":"SOCOFRET"},"image":{"@id":"https:\/\/www.socofret.com\/en\/#\/schema\/logo\/image\/"},"sameAs":["https:\/\/www.facebook.com\/socofret\/","https:\/\/x.com\/socofret","https:\/\/www.linkedin.com\/company\/socofret"]}]}},"post_mailing_queue_ids":[],"_links":{"self":[{"href":"https:\/\/www.socofret.com\/en\/wp-json\/wp\/v2\/pages\/694"}],"collection":[{"href":"https:\/\/www.socofret.com\/en\/wp-json\/wp\/v2\/pages"}],"about":[{"href":"https:\/\/www.socofret.com\/en\/wp-json\/wp\/v2\/types\/page"}],"author":[{"embeddable":true,"href":"https:\/\/www.socofret.com\/en\/wp-json\/wp\/v2\/users\/1"}],"replies":[{"embeddable":true,"href":"https:\/\/www.socofret.com\/en\/wp-json\/wp\/v2\/comments?post=694"}],"version-history":[{"count":3,"href":"https:\/\/www.socofret.com\/en\/wp-json\/wp\/v2\/pages\/694\/revisions"}],"predecessor-version":[{"id":707,"href":"https:\/\/www.socofret.com\/en\/wp-json\/wp\/v2\/pages\/694\/revisions\/707"}],"up":[{"embeddable":true,"href":"https:\/\/www.socofret.com\/en\/wp-json\/wp\/v2\/pages\/711"}],"wp:attachment":[{"href":"https:\/\/www.socofret.com\/en\/wp-json\/wp\/v2\/media?parent=694"}],"curies":[{"name":"wp","href":"https:\/\/api.w.org\/{rel}","templated":true}]}}