{"id":674,"date":"2021-11-02T12:01:34","date_gmt":"2021-11-02T11:01:34","guid":{"rendered":"https:\/\/www.socofret.com\/?page_id=674"},"modified":"2021-11-02T12:41:54","modified_gmt":"2021-11-02T11:41:54","slug":"laboratory","status":"publish","type":"page","link":"https:\/\/www.socofret.com\/en\/laboratory\/","title":{"rendered":"Laboratory"},"content":{"rendered":"\r\n<p>Specialising in cereal analysis, the SOCOFRET laboratory was created to enable us to provide our customers with accurate data on the quality of their products. It is now a recognised complement to our Inspection division<\/p>\r\n","protected":false},"excerpt":{"rendered":"<p>Specialising in cereal analysis, the SOCOFRET laboratory was created to enable us to provide our customers with accurate data on [&hellip;]<\/p>\n","protected":false},"author":1,"featured_media":0,"parent":0,"menu_order":3,"comment_status":"closed","ping_status":"closed","template":"template-laboratoire.php","meta":{"_acf_changed":false,"footnotes":""},"acf":[],"yoast_head":"<!-- This site is optimized with the Yoast SEO plugin v24.5 - https:\/\/yoast.com\/wordpress\/plugins\/seo\/ -->\n<title>Laboratory - Socofret<\/title>\n<meta name=\"robots\" content=\"index, follow, max-snippet:-1, max-image-preview:large, max-video-preview:-1\" \/>\n<link rel=\"canonical\" href=\"https:\/\/www.socofret.com\/en\/laboratory\/\" \/>\n<meta property=\"og:locale\" content=\"en_US\" \/>\n<meta property=\"og:type\" content=\"article\" \/>\n<meta property=\"og:title\" content=\"Laboratory - Socofret\" \/>\n<meta property=\"og:description\" content=\"Specialising in cereal analysis, the SOCOFRET laboratory was created to enable us to provide our customers with accurate data on [&hellip;]\" \/>\n<meta property=\"og:url\" content=\"https:\/\/www.socofret.com\/en\/laboratory\/\" \/>\n<meta property=\"og:site_name\" content=\"Socofret\" \/>\n<meta property=\"article:publisher\" content=\"https:\/\/www.facebook.com\/socofret\/\" \/>\n<meta property=\"article:modified_time\" content=\"2021-11-02T11:41:54+00:00\" \/>\n<meta name=\"twitter:card\" content=\"summary_large_image\" \/>\n<meta name=\"twitter:site\" content=\"@socofret\" \/>\n<script type=\"application\/ld+json\" class=\"yoast-schema-graph\">{\"@context\":\"https:\/\/schema.org\",\"@graph\":[{\"@type\":\"WebPage\",\"@id\":\"https:\/\/www.socofret.com\/en\/laboratory\/\",\"url\":\"https:\/\/www.socofret.com\/en\/laboratory\/\",\"name\":\"Laboratory - Socofret\",\"isPartOf\":{\"@id\":\"https:\/\/www.socofret.com\/en\/#website\"},\"datePublished\":\"2021-11-02T11:01:34+00:00\",\"dateModified\":\"2021-11-02T11:41:54+00:00\",\"breadcrumb\":{\"@id\":\"https:\/\/www.socofret.com\/en\/laboratory\/#breadcrumb\"},\"inLanguage\":\"en-US\",\"potentialAction\":[{\"@type\":\"ReadAction\",\"target\":[\"https:\/\/www.socofret.com\/en\/laboratory\/\"]}]},{\"@type\":\"BreadcrumbList\",\"@id\":\"https:\/\/www.socofret.com\/en\/laboratory\/#breadcrumb\",\"itemListElement\":[{\"@type\":\"ListItem\",\"position\":1,\"name\":\"Accueil\",\"item\":\"https:\/\/www.socofret.com\/en\/guaranteeing-quality\/\"},{\"@type\":\"ListItem\",\"position\":2,\"name\":\"Laboratory\"}]},{\"@type\":\"WebSite\",\"@id\":\"https:\/\/www.socofret.com\/en\/#website\",\"url\":\"https:\/\/www.socofret.com\/en\/\",\"name\":\"Socofret\",\"description\":\"Bienvenue sur le site de Socofret. Premi\u00e8re soci\u00e9t\u00e9 de contr\u00f4le accr\u00e9dit\u00e9e en France.\",\"publisher\":{\"@id\":\"https:\/\/www.socofret.com\/en\/#organization\"},\"potentialAction\":[{\"@type\":\"SearchAction\",\"target\":{\"@type\":\"EntryPoint\",\"urlTemplate\":\"https:\/\/www.socofret.com\/en\/?s={search_term_string}\"},\"query-input\":{\"@type\":\"PropertyValueSpecification\",\"valueRequired\":true,\"valueName\":\"search_term_string\"}}],\"inLanguage\":\"en-US\"},{\"@type\":\"Organization\",\"@id\":\"https:\/\/www.socofret.com\/en\/#organization\",\"name\":\"SOCOFRET\",\"url\":\"https:\/\/www.socofret.com\/en\/\",\"logo\":{\"@type\":\"ImageObject\",\"inLanguage\":\"en-US\",\"@id\":\"https:\/\/www.socofret.com\/en\/#\/schema\/logo\/image\/\",\"url\":\"https:\/\/www.socofret.com\/wp-content\/uploads\/2021\/09\/socofret-logo.jpg\",\"contentUrl\":\"https:\/\/www.socofret.com\/wp-content\/uploads\/2021\/09\/socofret-logo.jpg\",\"width\":1200,\"height\":720,\"caption\":\"SOCOFRET\"},\"image\":{\"@id\":\"https:\/\/www.socofret.com\/en\/#\/schema\/logo\/image\/\"},\"sameAs\":[\"https:\/\/www.facebook.com\/socofret\/\",\"https:\/\/x.com\/socofret\",\"https:\/\/www.linkedin.com\/company\/socofret\"]}]}<\/script>\n<!-- \/ Yoast SEO plugin. -->","yoast_head_json":{"title":"Laboratory - Socofret","robots":{"index":"index","follow":"follow","max-snippet":"max-snippet:-1","max-image-preview":"max-image-preview:large","max-video-preview":"max-video-preview:-1"},"canonical":"https:\/\/www.socofret.com\/en\/laboratory\/","og_locale":"en_US","og_type":"article","og_title":"Laboratory - Socofret","og_description":"Specialising in cereal analysis, the SOCOFRET laboratory was created to enable us to provide our customers with accurate data on [&hellip;]","og_url":"https:\/\/www.socofret.com\/en\/laboratory\/","og_site_name":"Socofret","article_publisher":"https:\/\/www.facebook.com\/socofret\/","article_modified_time":"2021-11-02T11:41:54+00:00","twitter_card":"summary_large_image","twitter_site":"@socofret","schema":{"@context":"https:\/\/schema.org","@graph":[{"@type":"WebPage","@id":"https:\/\/www.socofret.com\/en\/laboratory\/","url":"https:\/\/www.socofret.com\/en\/laboratory\/","name":"Laboratory - Socofret","isPartOf":{"@id":"https:\/\/www.socofret.com\/en\/#website"},"datePublished":"2021-11-02T11:01:34+00:00","dateModified":"2021-11-02T11:41:54+00:00","breadcrumb":{"@id":"https:\/\/www.socofret.com\/en\/laboratory\/#breadcrumb"},"inLanguage":"en-US","potentialAction":[{"@type":"ReadAction","target":["https:\/\/www.socofret.com\/en\/laboratory\/"]}]},{"@type":"BreadcrumbList","@id":"https:\/\/www.socofret.com\/en\/laboratory\/#breadcrumb","itemListElement":[{"@type":"ListItem","position":1,"name":"Accueil","item":"https:\/\/www.socofret.com\/en\/guaranteeing-quality\/"},{"@type":"ListItem","position":2,"name":"Laboratory"}]},{"@type":"WebSite","@id":"https:\/\/www.socofret.com\/en\/#website","url":"https:\/\/www.socofret.com\/en\/","name":"Socofret","description":"Bienvenue sur le site de Socofret. Premi\u00e8re soci\u00e9t\u00e9 de contr\u00f4le accr\u00e9dit\u00e9e en France.","publisher":{"@id":"https:\/\/www.socofret.com\/en\/#organization"},"potentialAction":[{"@type":"SearchAction","target":{"@type":"EntryPoint","urlTemplate":"https:\/\/www.socofret.com\/en\/?s={search_term_string}"},"query-input":{"@type":"PropertyValueSpecification","valueRequired":true,"valueName":"search_term_string"}}],"inLanguage":"en-US"},{"@type":"Organization","@id":"https:\/\/www.socofret.com\/en\/#organization","name":"SOCOFRET","url":"https:\/\/www.socofret.com\/en\/","logo":{"@type":"ImageObject","inLanguage":"en-US","@id":"https:\/\/www.socofret.com\/en\/#\/schema\/logo\/image\/","url":"https:\/\/www.socofret.com\/wp-content\/uploads\/2021\/09\/socofret-logo.jpg","contentUrl":"https:\/\/www.socofret.com\/wp-content\/uploads\/2021\/09\/socofret-logo.jpg","width":1200,"height":720,"caption":"SOCOFRET"},"image":{"@id":"https:\/\/www.socofret.com\/en\/#\/schema\/logo\/image\/"},"sameAs":["https:\/\/www.facebook.com\/socofret\/","https:\/\/x.com\/socofret","https:\/\/www.linkedin.com\/company\/socofret"]}]}},"post_mailing_queue_ids":[],"_links":{"self":[{"href":"https:\/\/www.socofret.com\/en\/wp-json\/wp\/v2\/pages\/674"}],"collection":[{"href":"https:\/\/www.socofret.com\/en\/wp-json\/wp\/v2\/pages"}],"about":[{"href":"https:\/\/www.socofret.com\/en\/wp-json\/wp\/v2\/types\/page"}],"author":[{"embeddable":true,"href":"https:\/\/www.socofret.com\/en\/wp-json\/wp\/v2\/users\/1"}],"replies":[{"embeddable":true,"href":"https:\/\/www.socofret.com\/en\/wp-json\/wp\/v2\/comments?post=674"}],"version-history":[{"count":4,"href":"https:\/\/www.socofret.com\/en\/wp-json\/wp\/v2\/pages\/674\/revisions"}],"predecessor-version":[{"id":678,"href":"https:\/\/www.socofret.com\/en\/wp-json\/wp\/v2\/pages\/674\/revisions\/678"}],"wp:attachment":[{"href":"https:\/\/www.socofret.com\/en\/wp-json\/wp\/v2\/media?parent=674"}],"curies":[{"name":"wp","href":"https:\/\/api.w.org\/{rel}","templated":true}]}}